{"id":13372,"date":"2024-01-03T11:21:32","date_gmt":"2024-01-03T11:21:32","guid":{"rendered":"https:\/\/sightgen.com\/?page_id=13372"},"modified":"2024-04-05T13:24:30","modified_gmt":"2024-04-05T10:24:30","slug":"kurumsal","status":"publish","type":"page","link":"https:\/\/sightgen.com\/en\/kurumsal\/","title":{"rendered":"Kurumsal"},"content":{"rendered":"<div data-elementor-type=\"wp-page\" data-elementor-id=\"13372\" class=\"elementor elementor-13372\" data-elementor-post-type=\"page\">\n\t\t\t\t\t\t\t<div class=\"elementor-element elementor-element-725c69e e-flex e-con-boxed e-con e-parent\" data-id=\"725c69e\" data-element_type=\"container\" data-settings=\"{&quot;content_width&quot;:&quot;boxed&quot;}\" data-core-v316-plus=\"true\">\n\t\t\t\t\t<div class=\"e-con-inner\">\n\t\t\t\t<div class=\"elementor-element elementor-element-15eeca4 elementor-tabs-view-horizontal elementor-widget elementor-widget-tabs\" data-id=\"15eeca4\" data-element_type=\"widget\" data-widget_type=\"tabs.default\">\n\t\t\t\t<div class=\"elementor-widget-container\">\n\t\t\t<style>\/*! elementor - v3.18.0 - 20-12-2023 *\/\n.elementor-widget-tabs.elementor-tabs-view-vertical .elementor-tabs-wrapper{width:25%;flex-shrink:0}.elementor-widget-tabs.elementor-tabs-view-vertical .elementor-tab-desktop-title.elementor-active{border-right-style:none}.elementor-widget-tabs.elementor-tabs-view-vertical .elementor-tab-desktop-title.elementor-active:after,.elementor-widget-tabs.elementor-tabs-view-vertical .elementor-tab-desktop-title.elementor-active:before{height:999em;width:0;right:0;border-right-style:solid}.elementor-widget-tabs.elementor-tabs-view-vertical .elementor-tab-desktop-title.elementor-active:before{top:0;transform:translateY(-100%)}.elementor-widget-tabs.elementor-tabs-view-vertical .elementor-tab-desktop-title.elementor-active:after{top:100%}.elementor-widget-tabs.elementor-tabs-view-horizontal .elementor-tab-desktop-title{display:table-cell}.elementor-widget-tabs.elementor-tabs-view-horizontal .elementor-tab-desktop-title.elementor-active{border-bottom-style:none}.elementor-widget-tabs.elementor-tabs-view-horizontal .elementor-tab-desktop-title.elementor-active:after,.elementor-widget-tabs.elementor-tabs-view-horizontal .elementor-tab-desktop-title.elementor-active:before{bottom:0;height:0;width:999em;border-bottom-style:solid}.elementor-widget-tabs.elementor-tabs-view-horizontal .elementor-tab-desktop-title.elementor-active:before{right:100%}.elementor-widget-tabs.elementor-tabs-view-horizontal .elementor-tab-desktop-title.elementor-active:after{left:100%}.elementor-widget-tabs .elementor-tab-content,.elementor-widget-tabs .elementor-tab-title,.elementor-widget-tabs .elementor-tab-title:after,.elementor-widget-tabs .elementor-tab-title:before,.elementor-widget-tabs .elementor-tabs-content-wrapper{border:1px #d5d8dc}.elementor-widget-tabs .elementor-tabs{text-align:left}.elementor-widget-tabs .elementor-tabs-wrapper{overflow:hidden}.elementor-widget-tabs .elementor-tab-title{cursor:pointer;outline:var(--focus-outline,none)}.elementor-widget-tabs .elementor-tab-desktop-title{position:relative;padding:20px 25px;font-weight:700;line-height:1;border:solid transparent}.elementor-widget-tabs .elementor-tab-desktop-title.elementor-active{border-color:#d5d8dc}.elementor-widget-tabs .elementor-tab-desktop-title.elementor-active:after,.elementor-widget-tabs .elementor-tab-desktop-title.elementor-active:before{display:block;content:\"\";position:absolute}.elementor-widget-tabs .elementor-tab-desktop-title:focus-visible{border:1px solid #000}.elementor-widget-tabs .elementor-tab-mobile-title{padding:10px;cursor:pointer}.elementor-widget-tabs .elementor-tab-content{padding:20px;display:none}@media (max-width:767px){.elementor-tabs .elementor-tab-content,.elementor-tabs .elementor-tab-title{border-style:solid solid none}.elementor-tabs .elementor-tabs-wrapper{display:none}.elementor-tabs .elementor-tabs-content-wrapper{border-bottom-style:solid}.elementor-tabs .elementor-tab-content{padding:10px}}@media (min-width:768px){.elementor-widget-tabs.elementor-tabs-view-vertical .elementor-tabs{display:flex}.elementor-widget-tabs.elementor-tabs-view-vertical .elementor-tabs-wrapper{flex-direction:column}.elementor-widget-tabs.elementor-tabs-view-vertical .elementor-tabs-content-wrapper{flex-grow:1;border-style:solid solid solid none}.elementor-widget-tabs.elementor-tabs-view-horizontal .elementor-tab-content{border-style:none solid solid}.elementor-widget-tabs.elementor-tabs-alignment-center .elementor-tabs-wrapper,.elementor-widget-tabs.elementor-tabs-alignment-end .elementor-tabs-wrapper,.elementor-widget-tabs.elementor-tabs-alignment-stretch .elementor-tabs-wrapper{display:flex}.elementor-widget-tabs.elementor-tabs-alignment-center .elementor-tabs-wrapper{justify-content:center}.elementor-widget-tabs.elementor-tabs-alignment-end .elementor-tabs-wrapper{justify-content:flex-end}.elementor-widget-tabs.elementor-tabs-alignment-stretch.elementor-tabs-view-horizontal .elementor-tab-title{width:100%}.elementor-widget-tabs.elementor-tabs-alignment-stretch.elementor-tabs-view-vertical .elementor-tab-title{height:100%}.elementor-tabs .elementor-tab-mobile-title{display:none}}<\/style>\t\t<div class=\"elementor-tabs\">\n\t\t\t<div class=\"elementor-tabs-wrapper\" role=\"tablist\" >\n\t\t\t\t\t\t\t\t\t<div id=\"elementor-tab-title-2291\" class=\"elementor-tab-title elementor-tab-desktop-title\" aria-selected=\"true\" data-tab=\"1\" role=\"tab\" tabindex=\"0\" aria-controls=\"elementor-tab-content-2291\" aria-expanded=\"false\">Biz Kimiz?<\/div>\n\t\t\t\t\t\t\t\t\t<div id=\"elementor-tab-title-2292\" class=\"elementor-tab-title elementor-tab-desktop-title\" aria-selected=\"false\" data-tab=\"2\" role=\"tab\" tabindex=\"-1\" aria-controls=\"elementor-tab-content-2292\" aria-expanded=\"false\">Misyon \/ Vizyon<\/div>\n\t\t\t\t\t\t\t\t\t<div id=\"elementor-tab-title-2293\" class=\"elementor-tab-title elementor-tab-desktop-title\" aria-selected=\"false\" data-tab=\"3\" role=\"tab\" tabindex=\"-1\" aria-controls=\"elementor-tab-content-2293\" aria-expanded=\"false\">Temel De\u011ferler<\/div>\n\t\t\t\t\t\t\t<\/div>\n\t\t\t<div class=\"elementor-tabs-content-wrapper\" role=\"tablist\" aria-orientation=\"vertical\">\n\t\t\t\t\t\t\t\t\t<div class=\"elementor-tab-title elementor-tab-mobile-title\" aria-selected=\"true\" data-tab=\"1\" role=\"tab\" tabindex=\"0\" aria-controls=\"elementor-tab-content-2291\" aria-expanded=\"false\">Biz Kimiz?<\/div>\n\t\t\t\t\t<div id=\"elementor-tab-content-2291\" class=\"elementor-tab-content elementor-clearfix\" data-tab=\"1\" role=\"tabpanel\" aria-labelledby=\"elementor-tab-title-2291\" tabindex=\"0\" hidden=\"false\"><p>Sekt\u00f6rde uzun y\u0131llara dayanan bilgi ve deneyimimizi siz de\u011ferli m\u00fc\u015fterilerimizle payla\u015fmak ve sizlere en iyi hizmeti sunmak i\u00e7in Sightgen ad\u0131 ve markas\u0131 alt\u0131nda birle\u015ftik.<\/p><p>Molek\u00fcler biyoloji ve genetik alan\u0131nda \u0130lk tecr\u00fcbemizi 2001 y\u0131l\u0131nda mikrodizin sistemleri ile edindik. O y\u0131llarda ileri teknoloji \u00fcr\u00fcn\u00fc olan mikrodizin sistemleri ile sizlerin \u00f6nemli projelerinde yer ald\u0131k. \u00dclkemizde sat\u0131lan ilk mikrodizin sistemlerinin kurulu\u015f ve e\u011fitimlerini ger\u00e7ekle\u015ftirdik. Projeler ve \u00e7al\u0131\u015fmalar artt\u0131k\u00e7a ortaya \u00e7\u0131kan verilerin analizinin \u00f6nemi artmaya ba\u015flad\u0131. Bu do\u011frultuda projeleriniz kapsam\u0131nda sizlere komple \u00e7\u00f6z\u00fcmler sunmay\u0131 ve projelerinizin ba\u015f\u0131ndan sonuna kadar yan\u0131n\u0131zda olmay\u0131 ba\u015fard\u0131\u011f\u0131m\u0131za inanc\u0131m\u0131z tamd\u0131r. Daha sonra yine molek\u00fcler biyoloji ve genetik hep oda\u011f\u0131m\u0131z oldu ve her zaman yeni teknolojiler, sistemler ve y\u00f6ntemler ile sizlerin de\u011ferli projelerinde hep en iyi ve do\u011fru hizmeti sunmay\u0131 ama\u00e7 edindik. Zaman i\u00e7erisinde ihtiya\u00e7lar\u0131n\u0131z do\u011frultusunda Mikrodizin, Real Time PCR, Sekans, Yeni Nesil Sekans Sistemleri ve bunlar\u0131n kombinasyonlar\u0131n\u0131 sizlere sunarak tecr\u00fcbemizi artt\u0131rd\u0131k. 2001 y\u0131l\u0131ndan bu zamana Ziraat, T\u0131p, Biyoloji, G\u0131da M\u00fchendisli\u011fi, Kimya, Biyokimya, Veteriner Fak\u00fcltesi ve \u00d6zel Sekt\u00f6r ba\u015fta olmak \u00fczere y\u00fczlerce ara\u015ft\u0131rmac\u0131n\u0131n b\u00fcy\u00fck k\u00fc\u00e7\u00fck 1.000\u2019e yak\u0131n projesinin i\u00e7erisinde yer ald\u0131k.<\/p><p>Geli\u015fen teknoloji ve bilimin \u0131\u015f\u0131\u011f\u0131nda gelece\u011fin yine ileri teknoloji \u00fcr\u00fcnlerde oldu\u011funa inan\u0131yor ve bu do\u011frultuda ilgi alan\u0131m\u0131za ki\u015fiselle\u015ftirilmi\u015f genetik testler, ki\u015fiselle\u015ftirilmi\u015f tedavi ve ki\u015fiselle\u015ftirilmi\u015f ila\u00e7lar\u0131 da ekliyoruz. Amac\u0131m\u0131z edindi\u011fimiz tecr\u00fcbemizle yine sizlere en kaliteli ve fayda-maaliyet oran\u0131 y\u00fcksek hizmeti sunmaya devam ederken d\u00fcnyadaki geli\u015fmeleri yak\u0131ndan izleyip ileri teknoloji \u00fcr\u00fcnlerinin sizlerle bulu\u015fmas\u0131na ve sizlere hizmet etmesine \u00f6nc\u00fcl\u00fck etmektir.<\/p><p>23 y\u0131ll\u0131k \u00e7al\u0131\u015fma hayat\u0131m\u0131zda yan\u0131m\u0131zda oldu\u011funuz ve bizlere g\u00fcvendi\u011finiz i\u00e7in \u00e7ok te\u015fekk\u00fcr ederiz.<\/p><\/div>\n\t\t\t\t\t\t\t\t\t<div class=\"elementor-tab-title elementor-tab-mobile-title\" aria-selected=\"false\" data-tab=\"2\" role=\"tab\" tabindex=\"-1\" aria-controls=\"elementor-tab-content-2292\" aria-expanded=\"false\">Misyon \/ Vizyon<\/div>\n\t\t\t\t\t<div id=\"elementor-tab-content-2292\" class=\"elementor-tab-content elementor-clearfix\" data-tab=\"2\" role=\"tabpanel\" aria-labelledby=\"elementor-tab-title-2292\" tabindex=\"0\" hidden=\"hidden\"><p>Misyonumuzu ve Vizyonumuzu tan\u0131mlamak i\u00e7in g\u00f6steri\u015fli ve s\u00fcsl\u00fc s\u00f6zlere gerek olmad\u0131\u011f\u0131na inan\u0131yoruz. Ayr\u0131ca yine misyonun ve vizyonun birbirinden ayr\u0131 olmas\u0131n\u0131n da gerekli olmad\u0131\u011f\u0131na inan\u0131yoruz. Bizim misyon ve vizyonumuz basit ve tek;<br \/><b><br \/>\u201c \u0130htiya\u00e7lar\u0131n\u0131z\u0131 anlayarak hayat\u0131n\u0131z\u0131 kolayla\u015ft\u0131rmak.\u201d<\/b><\/p><\/div>\n\t\t\t\t\t\t\t\t\t<div class=\"elementor-tab-title elementor-tab-mobile-title\" aria-selected=\"false\" data-tab=\"3\" role=\"tab\" tabindex=\"-1\" aria-controls=\"elementor-tab-content-2293\" aria-expanded=\"false\">Temel De\u011ferler<\/div>\n\t\t\t\t\t<div id=\"elementor-tab-content-2293\" class=\"elementor-tab-content elementor-clearfix\" data-tab=\"3\" role=\"tabpanel\" aria-labelledby=\"elementor-tab-title-2293\" tabindex=\"0\" hidden=\"hidden\"><h5><strong>S\u00f6z<\/strong><\/h5><h5><br \/><br \/><\/h5><h5><strong>G\u00fcven<\/strong><\/h5><h5><br \/><br \/><\/h5><h5><strong>Yenilik<\/strong><\/h5><h5><br \/><br \/><\/h5><h5><strong>M\u00fckemmeliyet<\/strong><\/h5><\/div>\n\t\t\t\t\t\t\t<\/div>\n\t\t<\/div>\n\t\t\t\t<\/div>\n\t\t\t\t<\/div>\n\t\t\t\t\t<\/div>\n\t\t\t\t<\/div>\n\t\t\t\t\t\t\t<\/div>","protected":false},"excerpt":{"rendered":"<p>Biz Kimiz? Misyon \/ Vizyon Temel De\u011ferler Biz Kimiz? Sekt\u00f6rde uzun y\u0131llara dayanan bilgi ve deneyimimizi siz de\u011ferli m\u00fc\u015fterilerimizle payla\u015fmak ve sizlere en iyi hizmeti sunmak i\u00e7in Sightgen ad\u0131 ve markas\u0131 alt\u0131nda birle\u015ftik. Molek\u00fcler biyoloji ve genetik alan\u0131nda \u0130lk tecr\u00fcbemizi&#8230;<\/p>","protected":false},"author":1,"featured_media":0,"parent":0,"menu_order":0,"comment_status":"closed","ping_status":"closed","template":"elementor_header_footer","meta":{"footnotes":""},"_links":{"self":[{"href":"https:\/\/sightgen.com\/en\/wp-json\/wp\/v2\/pages\/13372"}],"collection":[{"href":"https:\/\/sightgen.com\/en\/wp-json\/wp\/v2\/pages"}],"about":[{"href":"https:\/\/sightgen.com\/en\/wp-json\/wp\/v2\/types\/page"}],"author":[{"embeddable":true,"href":"https:\/\/sightgen.com\/en\/wp-json\/wp\/v2\/users\/1"}],"replies":[{"embeddable":true,"href":"https:\/\/sightgen.com\/en\/wp-json\/wp\/v2\/comments?post=13372"}],"version-history":[{"count":10,"href":"https:\/\/sightgen.com\/en\/wp-json\/wp\/v2\/pages\/13372\/revisions"}],"predecessor-version":[{"id":15327,"href":"https:\/\/sightgen.com\/en\/wp-json\/wp\/v2\/pages\/13372\/revisions\/15327"}],"wp:attachment":[{"href":"https:\/\/sightgen.com\/en\/wp-json\/wp\/v2\/media?parent=13372"}],"curies":[{"name":"wp","href":"https:\/\/api.w.org\/{rel}","templated":true}]}}